{"id":6040,"date":"2025-06-17T16:57:53","date_gmt":"2025-06-17T14:57:53","guid":{"rendered":"https:\/\/www.codata.eu\/le-groupe-intescia\/"},"modified":"2025-06-17T17:06:30","modified_gmt":"2025-06-17T15:06:30","slug":"le-groupe-intescia","status":"publish","type":"page","link":"https:\/\/www.codata.eu\/en\/le-groupe-intescia\/","title":{"rendered":"Le Groupe Intescia (Fr)"},"content":{"rendered":"\n<div class=\"wp-block-media-text alignfull has-media-on-the-right is-stacked-on-mobile is-vertically-aligned-center is-style-deco\" style=\"grid-template-columns:auto 30%\"><div class=\"wp-block-media-text__content\">\n<div class=\"wp-block-group is-content-justification-left is-nowrap is-layout-flex wp-container-core-group-is-layout-fc9f69e7 wp-block-group-is-layout-flex\">\n<h2 class=\"wp-block-heading has-medium-font-size\">Leader de la Business Intelligence en Europe, le <a href=\"https:\/\/intescia-group.com\/\"><mark style=\"background-color:rgba(0, 0, 0, 0)\" class=\"has-inline-color has-tertiary-color\">Groupe Intescia<\/mark><\/a> offre depuis plus de 30 ans des solutions SaaS innovantes pour transformer les donn\u00e9es en leviers strat\u00e9giques aupr\u00e8s de plus de 33 000 clients et 100 000 utilisateurs.<\/h2>\n\n\n\n<p><\/p>\n<\/div>\n<\/div><figure class=\"wp-block-media-text__media\"><img decoding=\"async\" width=\"671\" height=\"470\" src=\"https:\/\/www.codata.eu\/wp-content\/uploads\/2025\/06\/logo-intescia.jpg\" alt=\"\" class=\"wp-image-5998 size-full\" srcset=\"https:\/\/www.codata.eu\/wp-content\/uploads\/2025\/06\/logo-intescia.jpg 671w, https:\/\/www.codata.eu\/wp-content\/uploads\/2025\/06\/logo-intescia-300x210.jpg 300w\" sizes=\"(max-width: 671px) 100vw, 671px\" \/><\/figure><\/div>\n\n\n\n<div style=\"height:40px\" aria-hidden=\"true\" class=\"wp-block-spacer\"><\/div>\n\n\n\n<h4 class=\"wp-block-heading\"><strong>5 domaines&nbsp;d&#8217;expertise&nbsp;<mark style=\"background-color:rgba(0, 0, 0, 0)\" class=\"has-inline-color has-tertiary-color\">au service de&nbsp;votre business\u200b<\/mark><\/strong><\/h4>\n\n\n\n<ul class=\"wp-block-list\">\n<li><strong>Prospection commerciale<\/strong>&nbsp;: Identifiez vos&nbsp;meilleures opportunit\u00e9s&nbsp;et ciblez efficacement&nbsp;vos futurs clients<\/li>\n\n\n\n<li><strong>March\u00e9s publics &amp; projets<\/strong>&nbsp;: Maximisez vos chances de succ\u00e8s avec une&nbsp;veille strat\u00e9gique&nbsp;et une gestion optimis\u00e9e&nbsp;de vos march\u00e9s<\/li>\n\n\n\n<li><strong>Data &amp; IA Services<\/strong>&nbsp;: Exploitez la puissance&nbsp;de l\u2019IA&nbsp;pour d\u00e9ployer votre strat\u00e9gie&nbsp;Sales &amp; Marketing.<\/li>\n\n\n\n<li><strong>Intelligence sectorielle<\/strong>&nbsp;: D\u00e9cryptez les tendances de&nbsp;votre march\u00e9&nbsp;et gardez une&nbsp;longueur d\u2019avance&nbsp;sur vos concurrents.<\/li>\n\n\n\n<li><strong>Intelligence territoriale<\/strong>&nbsp;: Analysez les&nbsp;dynamiques locales&nbsp;pour acc\u00e9l\u00e9rer&nbsp;votre d\u00e9veloppement<\/li>\n<\/ul>\n\n\n\n<div style=\"height:40px\" aria-hidden=\"true\" class=\"wp-block-spacer\"><\/div>\n\n\n\n<h3 class=\"wp-block-heading\"><strong><strong>Des marques&nbsp;<mark style=\"background-color:rgba(0, 0, 0, 0)\" class=\"has-inline-color has-tertiary-color\">au service du&nbsp;collectif<\/mark><\/strong><\/strong><\/h3>\n\n\n\n<div style=\"height:20px\" aria-hidden=\"true\" class=\"wp-block-spacer\"><\/div>\n\n\n\n<div class=\"wp-block-columns alignfull is-layout-flex wp-container-core-columns-is-layout-28f84493 wp-block-columns-is-layout-flex\">\n<div class=\"wp-block-column has-small-font-size is-layout-flow wp-block-column-is-layout-flow\">\n<figure class=\"wp-block-image aligncenter size-full is-resized\"><img decoding=\"async\" width=\"282\" height=\"50\" src=\"https:\/\/www.codata.eu\/wp-content\/uploads\/2025\/06\/codata-corporate-rvb-horizontal-no-baseline-emailing.png\" alt=\"\" class=\"wp-image-6014\" style=\"width:auto;height:20px\"\/><\/figure>\n\n\n\n<p class=\"is-style-default\">Codata fournit et produit des donn\u00e9es collect\u00e9es sur le terrain afin de tout conna\u00eetre sur l\u2019offre commerciale en France, en Belgique et au Luxembourg. \u00c0 partir de cette base de donn\u00e9es, Codata d\u00e9veloppe tous les outils de recherche n\u00e9cessaires pour trouver les meilleurs emplacements commerciaux, les sites commerciaux porteurs\u2026<\/p>\n<\/div>\n\n\n\n<div class=\"wp-block-column is-layout-flow wp-block-column-is-layout-flow\">\n<figure class=\"wp-block-image aligncenter size-full is-resized\"><img decoding=\"async\" width=\"700\" height=\"156\" src=\"https:\/\/www.codata.eu\/wp-content\/uploads\/2025\/06\/logo-explore.png\" alt=\"\" class=\"wp-image-5996\" style=\"width:auto;height:20px\" srcset=\"https:\/\/www.codata.eu\/wp-content\/uploads\/2025\/06\/logo-explore.png 700w, https:\/\/www.codata.eu\/wp-content\/uploads\/2025\/06\/logo-explore-300x67.png 300w\" sizes=\"(max-width: 700px) 100vw, 700px\" \/><\/figure>\n\n\n\n<p class=\"has-small-font-size\">Acteur historique de veille strat\u00e9gique \u00e0 360\u00b0 pour le B2B, Explore d\u00e9tecte et qualifie les projets des acteurs publics et priv\u00e9s pour g\u00e9n\u00e9rer des opportunit\u00e9s sur les march\u00e9s de l\u2019immobilier, de la construction, de l\u2019\u00e9nergie et des services \u00e0 l\u2019entreprise. Notre mission : identifier les signaux faibles ou forts pr\u00e9curseurs de business et participer au d\u00e9veloppement du portefeuille clients.&nbsp;<\/p>\n\n\n\n<div class=\"wp-block-buttons is-layout-flex wp-block-buttons-is-layout-flex\">\n<div class=\"wp-block-button is-style-arrow\"><a class=\"wp-block-button__link has-small-font-size has-custom-font-size wp-element-button\" href=\"https:\/\/www.explore.fr\/\" target=\"_blank\" rel=\"noreferrer noopener\"><span class=\"wp-block-button__text\">D\u00e9couvrir Explore<\/span><\/a><\/div>\n<\/div>\n<\/div>\n\n\n\n<div class=\"wp-block-column is-layout-flow wp-block-column-is-layout-flow\">\n<figure class=\"wp-block-image aligncenter size-large is-resized\"><img decoding=\"async\" width=\"1024\" height=\"117\" src=\"https:\/\/www.codata.eu\/wp-content\/uploads\/2025\/06\/logo-doubletrade-1024x117.png\" alt=\"\" class=\"wp-image-5994\" style=\"width:auto;height:20px\" srcset=\"https:\/\/www.codata.eu\/wp-content\/uploads\/2025\/06\/logo-doubletrade-1024x117.png 1024w, https:\/\/www.codata.eu\/wp-content\/uploads\/2025\/06\/logo-doubletrade-300x34.png 300w, https:\/\/www.codata.eu\/wp-content\/uploads\/2025\/06\/logo-doubletrade-768x88.png 768w, https:\/\/www.codata.eu\/wp-content\/uploads\/2025\/06\/logo-doubletrade.png 1596w\" sizes=\"(max-width: 1024px) 100vw, 1024px\" \/><\/figure>\n\n\n\n<p class=\"has-small-font-size\">Sp\u00e9cialiste de l\u2019intelligence \u00e9conomique appliqu\u00e9e aux march\u00e9s publics, Doubletrade accompagne les entreprises dans la conqu\u00eate durable de nouveaux march\u00e9s gr\u00e2ce \u00e0 la donn\u00e9e. De l\u2019identification des appels d\u2019offres \u00e0 l\u2019analyse de la performance, la solution s\u2019adresse aux \u00e9quipes qui souhaitent structurer leur prospection et devenir leaders sur leur secteur.<\/p>\n\n\n\n<div class=\"wp-block-buttons is-layout-flex wp-block-buttons-is-layout-flex\">\n<div class=\"wp-block-button is-style-arrow\"><a class=\"wp-block-button__link has-small-font-size has-custom-font-size wp-element-button\" href=\"https:\/\/www.doubletrade.com\/\" target=\"_blank\" rel=\"noreferrer noopener\"><span class=\"wp-block-button__text\">D\u00e9couvrir Doubletrade<\/span><\/a><\/div>\n<\/div>\n<\/div>\n<\/div>\n\n\n\n<div style=\"height:50px\" aria-hidden=\"true\" class=\"wp-block-spacer\"><\/div>\n\n\n\n<div class=\"wp-block-columns alignfull is-layout-flex wp-container-core-columns-is-layout-28f84493 wp-block-columns-is-layout-flex\">\n<div class=\"wp-block-column is-layout-flow wp-block-column-is-layout-flow\">\n<figure class=\"wp-block-image aligncenter size-full is-resized\"><img decoding=\"async\" width=\"383\" height=\"39\" src=\"https:\/\/www.codata.eu\/wp-content\/uploads\/2025\/06\/logo-corporama.png\" alt=\"\" class=\"wp-image-5992\" style=\"width:auto;height:20px\" srcset=\"https:\/\/www.codata.eu\/wp-content\/uploads\/2025\/06\/logo-corporama.png 383w, https:\/\/www.codata.eu\/wp-content\/uploads\/2025\/06\/logo-corporama-300x31.png 300w\" sizes=\"(max-width: 383px) 100vw, 383px\" \/><\/figure>\n\n\n\n<p class=\"has-small-font-size\">Corporama propose des solutions innovantes d\u2019aide \u00e0 la prospection, permettant aux commerciaux et aux services marketing de mieux exploiter la valeur des donn\u00e9es BtoB pour d\u00e9velopper leur business. Avec Corporama, vous disposez de toutes les ressources op\u00e9rationnelles pour calibrer et activer vos actions marketing &amp; commerciales.<\/p>\n\n\n\n<div class=\"wp-block-buttons is-layout-flex wp-block-buttons-is-layout-flex\">\n<div class=\"wp-block-button is-style-arrow\"><a class=\"wp-block-button__link has-small-font-size has-custom-font-size wp-element-button\" href=\"https:\/\/corporama.fr\/\" target=\"_blank\" rel=\"noreferrer noopener\"><span class=\"wp-block-button__text\">D\u00e9couvrir Corporama<\/span><\/a><\/div>\n<\/div>\n<\/div>\n\n\n\n<div class=\"wp-block-column is-layout-flow wp-block-column-is-layout-flow\">\n<figure class=\"wp-block-image aligncenter size-full is-resized\"><img decoding=\"async\" width=\"700\" height=\"156\" src=\"https:\/\/www.codata.eu\/wp-content\/uploads\/2025\/06\/logo-spigao.png\" alt=\"\" class=\"wp-image-6004\" style=\"width:auto;height:20px\" srcset=\"https:\/\/www.codata.eu\/wp-content\/uploads\/2025\/06\/logo-spigao.png 700w, https:\/\/www.codata.eu\/wp-content\/uploads\/2025\/06\/logo-spigao-300x67.png 300w\" sizes=\"(max-width: 700px) 100vw, 700px\" \/><\/figure>\n\n\n\n<p class=\"has-small-font-size\">Expert reconnu du secteur BTP, Spigao le leader de la gestion de bout en bout des appels d\u2019offres. De l\u2019identification des opportunit\u00e9s \u00e0 la structuration des donn\u00e9es de chiffrage, Spigao propose une solution compl\u00e8te, con\u00e7ue pour r\u00e9pondre aux exigences du b\u00e2timent et des travaux publics. Sa force r\u00e9side aussi dans son interfa\u00e7age natif avec de nombreux logiciels m\u00e9tiers de chiffrage, assurant une int\u00e9gration fluide et efficace dans les processus des entreprises.<\/p>\n\n\n\n<div class=\"wp-block-buttons is-layout-flex wp-block-buttons-is-layout-flex\">\n<div class=\"wp-block-button is-style-arrow\"><a class=\"wp-block-button__link has-small-font-size has-custom-font-size wp-element-button\" href=\"https:\/\/www.spigao.com\/\" target=\"_blank\" rel=\"noreferrer noopener\"><span class=\"wp-block-button__text\">D\u00e9couvrir Spigao<\/span><\/a><\/div>\n<\/div>\n<\/div>\n\n\n\n<div class=\"wp-block-column is-layout-flow wp-block-column-is-layout-flow\">\n<figure class=\"wp-block-image aligncenter size-full is-resized\"><img decoding=\"async\" width=\"700\" height=\"156\" src=\"https:\/\/www.codata.eu\/wp-content\/uploads\/2025\/06\/logo-wanao.png\" alt=\"\" class=\"wp-image-6021\" style=\"width:auto;height:20px\" srcset=\"https:\/\/www.codata.eu\/wp-content\/uploads\/2025\/06\/logo-wanao.png 700w, https:\/\/www.codata.eu\/wp-content\/uploads\/2025\/06\/logo-wanao-300x67.png 300w\" sizes=\"(max-width: 700px) 100vw, 700px\" \/><\/figure>\n\n\n\n<p class=\"has-small-font-size\">Depuis 30 ans, plus de 10 000 clients, grandes entreprises et PMEs r\u00e9unies, font confiance \u00e0 Wanao pour trouver les march\u00e9s publics et priv\u00e9s dans leur cible et les accompagner de l\u2019identification du march\u00e9 jusqu\u2019\u00e0 la soumission de l\u2019offre. Gr\u00e2ce \u00e0 une plateforme, enrichie par l\u2019IA et des donn\u00e9es fiables, vous identifiez les bonnes opportunit\u00e9s, vous maximisez vos chances de succ\u00e8s et vous pilotez vos activit\u00e9s avec s\u00e9r\u00e9nit\u00e9.<\/p>\n\n\n\n<div class=\"wp-block-buttons is-layout-flex wp-block-buttons-is-layout-flex\">\n<div class=\"wp-block-button is-style-arrow\"><a class=\"wp-block-button__link has-small-font-size has-custom-font-size wp-element-button\" href=\"https:\/\/wanao.com\/\" target=\"_blank\" rel=\"noreferrer noopener\"><span class=\"wp-block-button__text\">D\u00e9couvrir Wanao<\/span><\/a><\/div>\n<\/div>\n<\/div>\n<\/div>\n\n\n\n<div style=\"height:50px\" aria-hidden=\"true\" class=\"wp-block-spacer\"><\/div>\n\n\n\n<div class=\"wp-block-columns alignfull is-layout-flex wp-container-core-columns-is-layout-28f84493 wp-block-columns-is-layout-flex\">\n<div class=\"wp-block-column is-layout-flow wp-block-column-is-layout-flow\">\n<figure class=\"wp-block-image aligncenter size-full is-resized\"><img decoding=\"async\" width=\"1178\" height=\"188\" src=\"https:\/\/www.codata.eu\/wp-content\/uploads\/2025\/06\/logo-scores-et-decisions-2.png\" alt=\"\" class=\"wp-image-6019\" style=\"width:auto;height:25px\" srcset=\"https:\/\/www.codata.eu\/wp-content\/uploads\/2025\/06\/logo-scores-et-decisions-2.png 1178w, https:\/\/www.codata.eu\/wp-content\/uploads\/2025\/06\/logo-scores-et-decisions-2-300x48.png 300w, https:\/\/www.codata.eu\/wp-content\/uploads\/2025\/06\/logo-scores-et-decisions-2-1024x163.png 1024w, https:\/\/www.codata.eu\/wp-content\/uploads\/2025\/06\/logo-scores-et-decisions-2-768x123.png 768w\" sizes=\"(max-width: 1178px) 100vw, 1178px\" \/><\/figure>\n\n\n\n<p class=\"has-small-font-size\">Producteur d\u2019informations l\u00e9gales et financi\u00e8res depuis plus de 10 ans, Scores&amp;Decisions est reconnu comme l\u2019expert de la protection contre le risque de d\u00e9faillance des entreprises. Avec Scores&amp;Decisions, acc\u00e9dez aux informations identitaires, dirigeants, liens capitalistiques, financi\u00e8res, juridiques, d\u2019\u00e9valuation sur plus de 10 millions de soci\u00e9t\u00e9s.<\/p>\n\n\n\n<div class=\"wp-block-buttons is-layout-flex wp-block-buttons-is-layout-flex\">\n<div class=\"wp-block-button is-style-arrow\"><a class=\"wp-block-button__link has-small-font-size has-custom-font-size wp-element-button\" href=\"https:\/\/www.scores-decisions.com\/\" target=\"_blank\" rel=\"noreferrer noopener\"><span class=\"wp-block-button__text\">D\u00e9couvrir Scores&amp;Decisions<\/span><\/a><\/div>\n<\/div>\n<\/div>\n\n\n\n<div class=\"wp-block-column is-layout-flow wp-block-column-is-layout-flow\">\n<figure class=\"wp-block-image aligncenter size-full is-resized\"><img decoding=\"async\" width=\"700\" height=\"156\" src=\"https:\/\/www.codata.eu\/wp-content\/uploads\/2025\/06\/logo-societeinfo.png\" alt=\"\" class=\"wp-image-6002\" style=\"width:auto;height:25px\" srcset=\"https:\/\/www.codata.eu\/wp-content\/uploads\/2025\/06\/logo-societeinfo.png 700w, https:\/\/www.codata.eu\/wp-content\/uploads\/2025\/06\/logo-societeinfo-300x67.png 300w\" sizes=\"(max-width: 700px) 100vw, 700px\" \/><\/figure>\n\n\n\n<p class=\"has-small-font-size\">Societeinfo indexe les donn\u00e9es de plus de 11 millions d\u2019entreprises fran\u00e7aises. Les donn\u00e9es sont mises \u00e0 jour quotidiennement, ce qui vous permet de disposer des informations les plus r\u00e9centes, en conformit\u00e9 au RGPD.<\/p>\n\n\n\n<div class=\"wp-block-buttons is-layout-flex wp-block-buttons-is-layout-flex\">\n<div class=\"wp-block-button is-style-arrow\"><a class=\"wp-block-button__link has-small-font-size has-custom-font-size wp-element-button\" href=\"https:\/\/societeinfo.com\/\" target=\"_blank\" rel=\"noreferrer noopener\"><span class=\"wp-block-button__text\">D\u00e9couvrir Societeinfo<\/span><\/a><\/div>\n<\/div>\n<\/div>\n\n\n\n<div class=\"wp-block-column is-layout-flow wp-block-column-is-layout-flow\"><\/div>\n<\/div>\n","protected":false},"excerpt":{"rendered":"<p>5 domaines&nbsp;d&#8217;expertise&nbsp;au service de&nbsp;votre business\u200b Des marques&nbsp;au service du&nbsp;collectif Codata fournit et produit des donn\u00e9es collect\u00e9es sur le terrain afin&#8230;<\/p>\n","protected":false},"author":6,"featured_media":0,"parent":0,"menu_order":0,"comment_status":"closed","ping_status":"closed","template":"","meta":{"footnotes":""},"class_list":["post-6040","page","type-page","status-publish","hentry"],"acf":[],"yoast_head":"<title>Le Groupe Intescia (Fr) - CODATA<\/title>\n<meta name=\"description\" content=\"D\u00e9couvrir les marques et les solutions Saas du Groupe Intescia, leader de la Business Intelligence en Europe.\" \/>\n<meta name=\"robots\" content=\"index, follow, max-snippet:-1, max-image-preview:large, max-video-preview:-1\" \/>\n<link rel=\"canonical\" href=\"https:\/\/www.codata.eu\/en\/le-groupe-intescia\/\" \/>\n<meta property=\"og:locale\" content=\"en_US\" \/>\n<meta property=\"og:type\" content=\"article\" \/>\n<meta property=\"og:title\" content=\"Le Groupe Intescia (Fr) - CODATA\" \/>\n<meta property=\"og:description\" content=\"D\u00e9couvrir les marques et les solutions Saas du Groupe Intescia, leader de la Business Intelligence en Europe.\" \/>\n<meta property=\"og:url\" content=\"https:\/\/www.codata.eu\/en\/le-groupe-intescia\/\" \/>\n<meta property=\"og:site_name\" content=\"CODATA\" \/>\n<meta property=\"article:modified_time\" content=\"2025-06-17T15:06:30+00:00\" \/>\n<meta property=\"og:image\" content=\"https:\/\/www.codata.eu\/wp-content\/uploads\/2025\/06\/logo-intescia.jpg\" \/>\n\t<meta property=\"og:image:width\" content=\"671\" \/>\n\t<meta property=\"og:image:height\" content=\"470\" \/>\n\t<meta property=\"og:image:type\" content=\"image\/jpeg\" \/>\n<meta name=\"twitter:card\" content=\"summary_large_image\" \/>\n<meta name=\"twitter:label1\" content=\"Est. reading time\" \/>\n\t<meta name=\"twitter:data1\" content=\"5 minutes\" \/>\n<script type=\"application\/ld+json\" class=\"yoast-schema-graph\">{\"@context\":\"https:\\\/\\\/schema.org\",\"@graph\":[{\"@type\":\"WebPage\",\"@id\":\"https:\\\/\\\/www.codata.eu\\\/en\\\/le-groupe-intescia\\\/\",\"url\":\"https:\\\/\\\/www.codata.eu\\\/en\\\/le-groupe-intescia\\\/\",\"name\":\"Le Groupe Intescia (Fr) - CODATA\",\"isPartOf\":{\"@id\":\"https:\\\/\\\/www.codata.eu\\\/en\\\/#website\"},\"primaryImageOfPage\":{\"@id\":\"https:\\\/\\\/www.codata.eu\\\/en\\\/le-groupe-intescia\\\/#primaryimage\"},\"image\":{\"@id\":\"https:\\\/\\\/www.codata.eu\\\/en\\\/le-groupe-intescia\\\/#primaryimage\"},\"thumbnailUrl\":\"https:\\\/\\\/www.codata.eu\\\/wp-content\\\/uploads\\\/2025\\\/06\\\/logo-intescia.jpg\",\"datePublished\":\"2025-06-17T14:57:53+00:00\",\"dateModified\":\"2025-06-17T15:06:30+00:00\",\"description\":\"D\u00e9couvrir les marques et les solutions Saas du Groupe Intescia, leader de la Business Intelligence en Europe.\",\"breadcrumb\":{\"@id\":\"https:\\\/\\\/www.codata.eu\\\/en\\\/le-groupe-intescia\\\/#breadcrumb\"},\"inLanguage\":\"en-US\",\"potentialAction\":[{\"@type\":\"ReadAction\",\"target\":[\"https:\\\/\\\/www.codata.eu\\\/en\\\/le-groupe-intescia\\\/\"]}]},{\"@type\":\"ImageObject\",\"inLanguage\":\"en-US\",\"@id\":\"https:\\\/\\\/www.codata.eu\\\/en\\\/le-groupe-intescia\\\/#primaryimage\",\"url\":\"https:\\\/\\\/www.codata.eu\\\/wp-content\\\/uploads\\\/2025\\\/06\\\/logo-intescia.jpg\",\"contentUrl\":\"https:\\\/\\\/www.codata.eu\\\/wp-content\\\/uploads\\\/2025\\\/06\\\/logo-intescia.jpg\"},{\"@type\":\"BreadcrumbList\",\"@id\":\"https:\\\/\\\/www.codata.eu\\\/en\\\/le-groupe-intescia\\\/#breadcrumb\",\"itemListElement\":[{\"@type\":\"ListItem\",\"position\":1,\"name\":\"Home\",\"item\":\"https:\\\/\\\/www.codata.eu\\\/en\\\/\"},{\"@type\":\"ListItem\",\"position\":2,\"name\":\"Le Groupe Intescia (Fr)\"}]},{\"@type\":\"WebSite\",\"@id\":\"https:\\\/\\\/www.codata.eu\\\/en\\\/#website\",\"url\":\"https:\\\/\\\/www.codata.eu\\\/en\\\/\",\"name\":\"CODATA\",\"description\":\"Data for retail and commercial real estate\",\"publisher\":{\"@id\":\"https:\\\/\\\/www.codata.eu\\\/en\\\/#organization\"},\"potentialAction\":[{\"@type\":\"SearchAction\",\"target\":{\"@type\":\"EntryPoint\",\"urlTemplate\":\"https:\\\/\\\/www.codata.eu\\\/en\\\/?s={search_term_string}\"},\"query-input\":{\"@type\":\"PropertyValueSpecification\",\"valueRequired\":true,\"valueName\":\"search_term_string\"}}],\"inLanguage\":\"en-US\"},{\"@type\":\"Organization\",\"@id\":\"https:\\\/\\\/www.codata.eu\\\/en\\\/#organization\",\"name\":\"CODATA\",\"url\":\"https:\\\/\\\/www.codata.eu\\\/en\\\/\",\"logo\":{\"@type\":\"ImageObject\",\"inLanguage\":\"en-US\",\"@id\":\"https:\\\/\\\/www.codata.eu\\\/en\\\/#\\\/schema\\\/logo\\\/image\\\/\",\"url\":\"https:\\\/\\\/www.codata.eu\\\/wp-content\\\/uploads\\\/2026\\\/02\\\/codata-intescia-dark.svg\",\"contentUrl\":\"https:\\\/\\\/www.codata.eu\\\/wp-content\\\/uploads\\\/2026\\\/02\\\/codata-intescia-dark.svg\",\"width\":320,\"height\":100,\"caption\":\"CODATA\"},\"image\":{\"@id\":\"https:\\\/\\\/www.codata.eu\\\/en\\\/#\\\/schema\\\/logo\\\/image\\\/\"}}]}<\/script>","yoast_head_json":{"title":"Le Groupe Intescia (Fr) - CODATA","description":"D\u00e9couvrir les marques et les solutions Saas du Groupe Intescia, leader de la Business Intelligence en Europe.","robots":{"index":"index","follow":"follow","max-snippet":"max-snippet:-1","max-image-preview":"max-image-preview:large","max-video-preview":"max-video-preview:-1"},"canonical":"https:\/\/www.codata.eu\/en\/le-groupe-intescia\/","og_locale":"en_US","og_type":"article","og_title":"Le Groupe Intescia (Fr) - CODATA","og_description":"D\u00e9couvrir les marques et les solutions Saas du Groupe Intescia, leader de la Business Intelligence en Europe.","og_url":"https:\/\/www.codata.eu\/en\/le-groupe-intescia\/","og_site_name":"CODATA","article_modified_time":"2025-06-17T15:06:30+00:00","og_image":[{"width":671,"height":470,"url":"https:\/\/www.codata.eu\/wp-content\/uploads\/2025\/06\/logo-intescia.jpg","type":"image\/jpeg"}],"twitter_card":"summary_large_image","twitter_misc":{"Est. reading time":"5 minutes"},"schema":{"@context":"https:\/\/schema.org","@graph":[{"@type":"WebPage","@id":"https:\/\/www.codata.eu\/en\/le-groupe-intescia\/","url":"https:\/\/www.codata.eu\/en\/le-groupe-intescia\/","name":"Le Groupe Intescia (Fr) - CODATA","isPartOf":{"@id":"https:\/\/www.codata.eu\/en\/#website"},"primaryImageOfPage":{"@id":"https:\/\/www.codata.eu\/en\/le-groupe-intescia\/#primaryimage"},"image":{"@id":"https:\/\/www.codata.eu\/en\/le-groupe-intescia\/#primaryimage"},"thumbnailUrl":"https:\/\/www.codata.eu\/wp-content\/uploads\/2025\/06\/logo-intescia.jpg","datePublished":"2025-06-17T14:57:53+00:00","dateModified":"2025-06-17T15:06:30+00:00","description":"D\u00e9couvrir les marques et les solutions Saas du Groupe Intescia, leader de la Business Intelligence en Europe.","breadcrumb":{"@id":"https:\/\/www.codata.eu\/en\/le-groupe-intescia\/#breadcrumb"},"inLanguage":"en-US","potentialAction":[{"@type":"ReadAction","target":["https:\/\/www.codata.eu\/en\/le-groupe-intescia\/"]}]},{"@type":"ImageObject","inLanguage":"en-US","@id":"https:\/\/www.codata.eu\/en\/le-groupe-intescia\/#primaryimage","url":"https:\/\/www.codata.eu\/wp-content\/uploads\/2025\/06\/logo-intescia.jpg","contentUrl":"https:\/\/www.codata.eu\/wp-content\/uploads\/2025\/06\/logo-intescia.jpg"},{"@type":"BreadcrumbList","@id":"https:\/\/www.codata.eu\/en\/le-groupe-intescia\/#breadcrumb","itemListElement":[{"@type":"ListItem","position":1,"name":"Home","item":"https:\/\/www.codata.eu\/en\/"},{"@type":"ListItem","position":2,"name":"Le Groupe Intescia (Fr)"}]},{"@type":"WebSite","@id":"https:\/\/www.codata.eu\/en\/#website","url":"https:\/\/www.codata.eu\/en\/","name":"CODATA","description":"Data for retail and commercial real estate","publisher":{"@id":"https:\/\/www.codata.eu\/en\/#organization"},"potentialAction":[{"@type":"SearchAction","target":{"@type":"EntryPoint","urlTemplate":"https:\/\/www.codata.eu\/en\/?s={search_term_string}"},"query-input":{"@type":"PropertyValueSpecification","valueRequired":true,"valueName":"search_term_string"}}],"inLanguage":"en-US"},{"@type":"Organization","@id":"https:\/\/www.codata.eu\/en\/#organization","name":"CODATA","url":"https:\/\/www.codata.eu\/en\/","logo":{"@type":"ImageObject","inLanguage":"en-US","@id":"https:\/\/www.codata.eu\/en\/#\/schema\/logo\/image\/","url":"https:\/\/www.codata.eu\/wp-content\/uploads\/2026\/02\/codata-intescia-dark.svg","contentUrl":"https:\/\/www.codata.eu\/wp-content\/uploads\/2026\/02\/codata-intescia-dark.svg","width":320,"height":100,"caption":"CODATA"},"image":{"@id":"https:\/\/www.codata.eu\/en\/#\/schema\/logo\/image\/"}}]}},"_links":{"self":[{"href":"https:\/\/www.codata.eu\/en\/wp-json\/wp\/v2\/pages\/6040","targetHints":{"allow":["GET"]}}],"collection":[{"href":"https:\/\/www.codata.eu\/en\/wp-json\/wp\/v2\/pages"}],"about":[{"href":"https:\/\/www.codata.eu\/en\/wp-json\/wp\/v2\/types\/page"}],"author":[{"embeddable":true,"href":"https:\/\/www.codata.eu\/en\/wp-json\/wp\/v2\/users\/6"}],"replies":[{"embeddable":true,"href":"https:\/\/www.codata.eu\/en\/wp-json\/wp\/v2\/comments?post=6040"}],"version-history":[{"count":1,"href":"https:\/\/www.codata.eu\/en\/wp-json\/wp\/v2\/pages\/6040\/revisions"}],"predecessor-version":[{"id":6041,"href":"https:\/\/www.codata.eu\/en\/wp-json\/wp\/v2\/pages\/6040\/revisions\/6041"}],"wp:attachment":[{"href":"https:\/\/www.codata.eu\/en\/wp-json\/wp\/v2\/media?parent=6040"}],"curies":[{"name":"wp","href":"https:\/\/api.w.org\/{rel}","templated":true}]}}